{"id":1863,"date":"2020-03-12T21:30:14","date_gmt":"2020-03-12T21:30:14","guid":{"rendered":"https:\/\/www.hotel-heritage.com\/offres-speciales\/book-now-decide-later\/"},"modified":"2020-04-20T12:53:20","modified_gmt":"2020-04-20T12:53:20","slug":"book-now-decide-later","status":"publish","type":"page","link":"https:\/\/www.hotel-heritage.com\/fr\/offres-speciales\/book-now-decide-later\/","title":{"rendered":"Book Now, Decide Later"},"content":{"rendered":"\t\t<div data-elementor-type=\"wp-post\" data-elementor-id=\"1863\" class=\"elementor elementor-1863 elementor-1861\" data-elementor-post-type=\"page\">\n\t\t\t\t\t\t<section class=\"has_eae_slider elementor-section elementor-top-section elementor-element elementor-element-842d2d0 elementor-section-full_width full-width main-slider elementor-section-height-default elementor-section-height-default\" data-particle_enable=\"false\" data-particle-mobile-disabled=\"false\" data-id=\"842d2d0\" data-element_type=\"section\">\n\t\t\t\t\t\t<div class=\"elementor-container elementor-column-gap-default\">\n\t\t\t\t\t<div class=\"has_eae_slider elementor-column elementor-col-100 elementor-top-column elementor-element elementor-element-9f834c2 header-img\" data-id=\"9f834c2\" data-element_type=\"column\">\n\t\t\t<div class=\"elementor-widget-wrap elementor-element-populated\">\n\t\t\t\t\t\t<div class=\"elementor-element elementor-element-3dcbd84 main-slider  elementor-widget__width-inherit elementor--h-position-center elementor--v-position-middle elementor-widget elementor-widget-slides\" data-id=\"3dcbd84\" data-element_type=\"widget\" data-settings=\"{&quot;navigation&quot;:&quot;none&quot;,&quot;autoplay&quot;:&quot;yes&quot;,&quot;pause_on_hover&quot;:&quot;yes&quot;,&quot;pause_on_interaction&quot;:&quot;yes&quot;,&quot;autoplay_speed&quot;:5000,&quot;infinite&quot;:&quot;yes&quot;,&quot;transition&quot;:&quot;slide&quot;,&quot;transition_speed&quot;:500}\" data-widget_type=\"slides.default\">\n\t\t\t\t<div class=\"elementor-widget-container\">\n\t\t\t\t\t<div class=\"elementor-swiper\">\n\t\t\t<div class=\"elementor-slides-wrapper elementor-main-swiper swiper\" dir=\"ltr\" data-animation=\"fadeInUp\">\n\t\t\t\t<div class=\"swiper-wrapper elementor-slides\">\n\t\t\t\t\t\t\t\t\t\t<div class=\"elementor-repeater-item-9900fae swiper-slide\"><div class=\"swiper-slide-bg\" role=\"img\"><\/div><div class=\"swiper-slide-inner\" ><div class=\"swiper-slide-contents\"><div class=\"elementor-slide-heading\">R\u00e9servez Maintenant,<br>D\u00e9cidez Plus Tard<\/div><\/div><\/div><\/div>\t\t\t\t<\/div>\n\t\t\t\t\t\t\t<\/div>\n\t\t<\/div>\n\t\t\t\t<\/div>\n\t\t\t\t<\/div>\n\t\t\t\t\t<\/div>\n\t\t<\/div>\n\t\t\t\t\t<\/div>\n\t\t<\/section>\n\t\t\t\t<section class=\"has_eae_slider elementor-section elementor-top-section elementor-element elementor-element-bdeb6e4 default-width intro-section elementor-section-boxed elementor-section-height-default elementor-section-height-default\" data-particle_enable=\"false\" data-particle-mobile-disabled=\"false\" data-id=\"bdeb6e4\" data-element_type=\"section\">\n\t\t\t\t\t\t<div class=\"elementor-container elementor-column-gap-default\">\n\t\t\t\t\t<div class=\"has_eae_slider elementor-column elementor-col-33 elementor-top-column elementor-element elementor-element-dc2cccf\" data-id=\"dc2cccf\" data-element_type=\"column\">\n\t\t\t<div class=\"elementor-widget-wrap elementor-element-populated\">\n\t\t\t\t\t\t<div class=\"elementor-element elementor-element-4593a84 elementor-widget elementor-widget-heading\" data-id=\"4593a84\" data-element_type=\"widget\" data-widget_type=\"heading.default\">\n\t\t\t\t<div class=\"elementor-widget-container\">\n\t\t\t<h2 class=\"elementor-heading-title elementor-size-default\"> Soyez tranquille gr\u00e2ce aux annulations gratuites!<\/h2>\t\t<\/div>\n\t\t\t\t<\/div>\n\t\t\t\t\t<\/div>\n\t\t<\/div>\n\t\t\t\t<div class=\"has_eae_slider elementor-column elementor-col-33 elementor-top-column elementor-element elementor-element-ec61e2e\" data-id=\"ec61e2e\" data-element_type=\"column\">\n\t\t\t<div class=\"elementor-widget-wrap elementor-element-populated\">\n\t\t\t\t\t\t<div class=\"elementor-element elementor-element-cee44ac intro-line elementor-widget-divider--view-line elementor-widget elementor-widget-divider\" data-id=\"cee44ac\" data-element_type=\"widget\" data-widget_type=\"divider.default\">\n\t\t\t\t<div class=\"elementor-widget-container\">\n\t\t\t\t\t<div class=\"elementor-divider\">\n\t\t\t<span class=\"elementor-divider-separator\">\n\t\t\t\t\t\t<\/span>\n\t\t<\/div>\n\t\t\t\t<\/div>\n\t\t\t\t<\/div>\n\t\t\t\t\t<\/div>\n\t\t<\/div>\n\t\t\t\t<div class=\"has_eae_slider elementor-column elementor-col-33 elementor-top-column elementor-element elementor-element-a5c3bb0\" data-id=\"a5c3bb0\" data-element_type=\"column\">\n\t\t\t<div class=\"elementor-widget-wrap elementor-element-populated\">\n\t\t\t\t\t\t<div class=\"elementor-element elementor-element-da32bb6 elementor-widget elementor-widget-text-editor\" data-id=\"da32bb6\" data-element_type=\"widget\" data-widget_type=\"text-editor.default\">\n\t\t\t\t<div class=\"elementor-widget-container\">\n\t\t\t\t\t\t\t<p><em>\u2018Annulez ou modifiez votre r\u00e9servation jusqu&rsquo;\u00e0 midi, la veille de votre arriv\u00e9e. Pas de stress!&rsquo;<\/em><\/p>\n\t\t\t\t\t\t<\/div>\n\t\t\t\t<\/div>\n\t\t\t\t<div class=\"elementor-element elementor-element-ef09fd2 intro-address elementor-widget elementor-widget-text-editor\" data-id=\"ef09fd2\" data-element_type=\"widget\" data-widget_type=\"text-editor.default\">\n\t\t\t\t<div class=\"elementor-widget-container\">\n\t\t\t\t\t\t\t<p><strong>Niklaas Desparsstraat 11, 8000 Brugge<\/strong><br \/>\n<a href=\"tel:003250444444\">+32 (0)50 444 444<\/a><\/p>\n\t\t\t\t\t\t<\/div>\n\t\t\t\t<\/div>\n\t\t\t\t\t<\/div>\n\t\t<\/div>\n\t\t\t\t\t<\/div>\n\t\t<\/section>\n\t\t\t\t<section class=\"has_eae_slider elementor-section elementor-top-section elementor-element elementor-element-7982377 elementor-section-content-middle elementor-section-height-min-height default-width single-image-left elementor-section-boxed elementor-section-height-default elementor-section-items-middle\" data-particle_enable=\"false\" data-particle-mobile-disabled=\"false\" data-id=\"7982377\" data-element_type=\"section\" data-settings=\"{&quot;background_background&quot;:&quot;classic&quot;}\">\n\t\t\t\t\t\t\t<div class=\"elementor-background-overlay\"><\/div>\n\t\t\t\t\t\t\t<div class=\"elementor-container elementor-column-gap-default\">\n\t\t\t\t\t<div class=\"has_eae_slider elementor-column elementor-col-50 elementor-top-column elementor-element elementor-element-9a3bb15 first-section-cln left\" data-id=\"9a3bb15\" data-element_type=\"column\" data-settings=\"{&quot;background_background&quot;:&quot;classic&quot;}\">\n\t\t\t<div class=\"elementor-widget-wrap elementor-element-populated\">\n\t\t\t\t\t\t<div class=\"elementor-element elementor-element-d9b3b69 elementor-widget elementor-widget-image\" data-id=\"d9b3b69\" data-element_type=\"widget\" data-widget_type=\"image.default\">\n\t\t\t\t<div class=\"elementor-widget-container\">\n\t\t\t\t\t\t\t\t\t\t\t\t\t<img decoding=\"async\" src=\"https:\/\/www.hotel-heritage.com\/wp-content\/uploads\/elementor\/thumbs\/HotelHeritage_101_HR-res7w2dfl7w61t2jbyi2peh6b6o3qe4xpy9ult6m4w.jpg\" title=\"HotelHeritage_101_HR\" alt=\"HotelHeritage_101_HR\" loading=\"lazy\" \/>\t\t\t\t\t\t\t\t\t\t\t\t\t<\/div>\n\t\t\t\t<\/div>\n\t\t\t\t\t<\/div>\n\t\t<\/div>\n\t\t\t\t<div class=\"has_eae_slider elementor-column elementor-col-50 elementor-top-column elementor-element elementor-element-e1083b8 first-section-cln right refined-section\" data-id=\"e1083b8\" data-element_type=\"column\">\n\t\t\t<div class=\"elementor-widget-wrap elementor-element-populated\">\n\t\t\t\t\t\t<div class=\"elementor-element elementor-element-c656583 elementor-widget elementor-widget-heading\" data-id=\"c656583\" data-element_type=\"widget\" data-widget_type=\"heading.default\">\n\t\t\t\t<div class=\"elementor-widget-container\">\n\t\t\t<h2 class=\"elementor-heading-title elementor-size-default\">Termes & Conditions<\/h2>\t\t<\/div>\n\t\t\t\t<\/div>\n\t\t\t\t<div class=\"elementor-element elementor-element-3fe8874 line-left elementor-widget-divider--view-line elementor-widget elementor-widget-divider\" data-id=\"3fe8874\" data-element_type=\"widget\" data-widget_type=\"divider.default\">\n\t\t\t\t<div class=\"elementor-widget-container\">\n\t\t\t\t\t<div class=\"elementor-divider\">\n\t\t\t<span class=\"elementor-divider-separator\">\n\t\t\t\t\t\t<\/span>\n\t\t<\/div>\n\t\t\t\t<\/div>\n\t\t\t\t<\/div>\n\t\t\t\t<div class=\"elementor-element elementor-element-1ffbd4c black elementor-widget elementor-widget-text-editor\" data-id=\"1ffbd4c\" data-element_type=\"widget\" data-widget_type=\"text-editor.default\">\n\t\t\t\t<div class=\"elementor-widget-container\">\n\t\t\t\t\t\t\t<ul>\n<li>L&rsquo;annulation gratuite s&rsquo;applique au meilleur tarif flexible.<\/li>\n<li>Sous r\u00e9serve de disponibilit\u00e9 et valable sur les r\u00e9servations effectu\u00e9es apr\u00e8s le 14 mars 2020.<\/li>\n<li>Pour les s\u00e9jours jusqu&rsquo;au 31 mai 2020. R\u00e9servez avant le 27 mai 2020.<\/li>\n<li>Ne s&rsquo;applique pas aux r\u00e9servations existantes et s&rsquo;applique uniquement aux r\u00e9servations individuelles directes.<\/li>\n<li>Ne peut \u00eatre utilis\u00e9 conjointement avec aucune autre offre, des restrictions peuvent s&rsquo;appliquer.<\/li>\n<li>Annulez ou modifiez vos r\u00e9servations jusqu&rsquo;\u00e0 midi la veille de votre arriv\u00e9e pour un remboursement complet.<\/li>\n<\/ul>\n\t\t\t\t\t\t<\/div>\n\t\t\t\t<\/div>\n\t\t\t\t<div class=\"elementor-element elementor-element-07ccafa gold-button elementor-align-left elementor-widget elementor-widget-button\" data-id=\"07ccafa\" data-element_type=\"widget\" data-widget_type=\"button.default\">\n\t\t\t\t<div class=\"elementor-widget-container\">\n\t\t\t\t\t<div class=\"elementor-button-wrapper\">\n\t\t\t<a class=\"elementor-button elementor-button-link elementor-size-sm\" href=\"https:\/\/be.synxis.com\/?Hotel=27444&#038;Chain=8565&#038;locale=fr-FR&#038;adult=2\" target=\"_blank\">\n\t\t\t\t\t\t<span class=\"elementor-button-content-wrapper\">\n\t\t\t\t\t\t\t\t\t<span class=\"elementor-button-text\">R\u00c9SERVEZ MAINTENANT<\/span>\n\t\t\t\t\t<\/span>\n\t\t\t\t\t<\/a>\n\t\t<\/div>\n\t\t\t\t<\/div>\n\t\t\t\t<\/div>\n\t\t\t\t\t<\/div>\n\t\t<\/div>\n\t\t\t\t\t<\/div>\n\t\t<\/section>\n\t\t\t\t<\/div>\n\t\t","protected":false},"excerpt":{"rendered":"<p>R\u00e9servez Maintenant,D\u00e9cidez Plus Tard Soyez tranquille gr\u00e2ce aux annulations gratuites! \u2018Annulez ou modifiez votre r\u00e9servation jusqu&rsquo;\u00e0 midi, la veille de votre arriv\u00e9e. Pas de stress!&rsquo; Niklaas Desparsstraat 11, 8000 Brugge +32 (0)50 444 444 Termes &#038; Conditions L&rsquo;annulation gratuite s&rsquo;applique au meilleur tarif flexible. Sous r\u00e9serve de disponibilit\u00e9 et valable sur les r\u00e9servations effectu\u00e9es apr\u00e8s [&hellip;]<\/p>\n","protected":false},"author":31,"featured_media":0,"parent":1549,"menu_order":0,"comment_status":"closed","ping_status":"closed","template":"","meta":{"footnotes":""},"class_list":["post-1863","page","type-page","status-publish","hentry"],"yoast_head":"<!-- This site is optimized with the Yoast SEO plugin v27.0 - https:\/\/yoast.com\/product\/yoast-seo-wordpress\/ -->\n<title>Book Now, Decide Later - Relais &amp; Chateaux Hotel Heritage in Brugge<\/title>\n<meta name=\"robots\" content=\"index, follow, max-snippet:-1, max-image-preview:large, max-video-preview:-1\" \/>\n<link rel=\"canonical\" href=\"https:\/\/www.hotel-heritage.com\/special-offers\/book-now-decide-later\/\" \/>\n<meta property=\"og:locale\" content=\"fr_FR\" \/>\n<meta property=\"og:type\" content=\"article\" \/>\n<meta property=\"og:title\" content=\"Book Now, Decide Later - Relais &amp; Chateaux Hotel Heritage in Brugge\" \/>\n<meta property=\"og:description\" content=\"R\u00e9servez Maintenant,D\u00e9cidez Plus Tard Soyez tranquille gr\u00e2ce aux annulations gratuites! \u2018Annulez ou modifiez votre r\u00e9servation jusqu&rsquo;\u00e0 midi, la veille de votre arriv\u00e9e. Pas de stress!&rsquo; Niklaas Desparsstraat 11, 8000 Brugge +32 (0)50 444 444 Termes &#038; Conditions L&rsquo;annulation gratuite s&rsquo;applique au meilleur tarif flexible. Sous r\u00e9serve de disponibilit\u00e9 et valable sur les r\u00e9servations effectu\u00e9es apr\u00e8s [&hellip;]\" \/>\n<meta property=\"og:url\" content=\"https:\/\/www.hotel-heritage.com\/special-offers\/book-now-decide-later\/\" \/>\n<meta property=\"og:site_name\" content=\"Relais &amp; Chateaux Hotel Heritage in Brugge\" \/>\n<meta property=\"article:modified_time\" content=\"2020-04-20T12:53:20+00:00\" \/>\n<meta property=\"og:image\" content=\"https:\/\/www.hotel-heritage.com\/wp-content\/uploads\/elementor\/thumbs\/HotelHeritage_101_HR-scaled-oivj3y2g2yaoj4yjxmm0j6p5lj0p8xo1lsohv6gm8g.jpg\" \/>\n<meta name=\"twitter:card\" content=\"summary_large_image\" \/>\n<meta name=\"twitter:label1\" content=\"Dur\u00e9e de lecture estim\u00e9e\" \/>\n\t<meta name=\"twitter:data1\" content=\"1 minute\" \/>\n<script type=\"application\/ld+json\" class=\"yoast-schema-graph\">{\"@context\":\"https:\/\/schema.org\",\"@graph\":[{\"@type\":\"WebPage\",\"@id\":\"https:\/\/www.hotel-heritage.com\/special-offers\/book-now-decide-later\/\",\"url\":\"https:\/\/www.hotel-heritage.com\/special-offers\/book-now-decide-later\/\",\"name\":\"Book Now, Decide Later - Relais &amp; Chateaux Hotel Heritage in Brugge\",\"isPartOf\":{\"@id\":\"https:\/\/www.hotel-heritage.com\/nl\/#website\"},\"primaryImageOfPage\":{\"@id\":\"https:\/\/www.hotel-heritage.com\/special-offers\/book-now-decide-later\/#primaryimage\"},\"image\":{\"@id\":\"https:\/\/www.hotel-heritage.com\/special-offers\/book-now-decide-later\/#primaryimage\"},\"thumbnailUrl\":\"https:\/\/www.hotel-heritage.com\/wp-content\/uploads\/elementor\/thumbs\/HotelHeritage_101_HR-scaled-oivj3y2g2yaoj4yjxmm0j6p5lj0p8xo1lsohv6gm8g.jpg\",\"datePublished\":\"2020-03-12T21:30:14+00:00\",\"dateModified\":\"2020-04-20T12:53:20+00:00\",\"breadcrumb\":{\"@id\":\"https:\/\/www.hotel-heritage.com\/special-offers\/book-now-decide-later\/#breadcrumb\"},\"inLanguage\":\"fr-FR\",\"potentialAction\":[{\"@type\":\"ReadAction\",\"target\":[\"https:\/\/www.hotel-heritage.com\/special-offers\/book-now-decide-later\/\"]}]},{\"@type\":\"ImageObject\",\"inLanguage\":\"fr-FR\",\"@id\":\"https:\/\/www.hotel-heritage.com\/special-offers\/book-now-decide-later\/#primaryimage\",\"url\":\"https:\/\/www.hotel-heritage.com\/wp-content\/uploads\/elementor\/thumbs\/HotelHeritage_101_HR-scaled-oivj3y2g2yaoj4yjxmm0j6p5lj0p8xo1lsohv6gm8g.jpg\",\"contentUrl\":\"https:\/\/www.hotel-heritage.com\/wp-content\/uploads\/elementor\/thumbs\/HotelHeritage_101_HR-scaled-oivj3y2g2yaoj4yjxmm0j6p5lj0p8xo1lsohv6gm8g.jpg\"},{\"@type\":\"BreadcrumbList\",\"@id\":\"https:\/\/www.hotel-heritage.com\/special-offers\/book-now-decide-later\/#breadcrumb\",\"itemListElement\":[{\"@type\":\"ListItem\",\"position\":1,\"name\":\"Home\",\"item\":\"https:\/\/www.hotel-heritage.com\/\"},{\"@type\":\"ListItem\",\"position\":2,\"name\":\"Offres Sp\u00e9ciales\",\"item\":\"https:\/\/www.hotel-heritage.com\/special-offers\/\"},{\"@type\":\"ListItem\",\"position\":3,\"name\":\"Book Now, Decide Later\"}]},{\"@type\":\"WebSite\",\"@id\":\"https:\/\/www.hotel-heritage.com\/nl\/#website\",\"url\":\"https:\/\/www.hotel-heritage.com\/nl\/\",\"name\":\"Relais &amp; Chateaux Hotel Heritage in Brugge\",\"description\":\"Relais &amp; Chateaux Hotel Heritage in Brugge\",\"potentialAction\":[{\"@type\":\"SearchAction\",\"target\":{\"@type\":\"EntryPoint\",\"urlTemplate\":\"https:\/\/www.hotel-heritage.com\/nl\/?s={search_term_string}\"},\"query-input\":{\"@type\":\"PropertyValueSpecification\",\"valueRequired\":true,\"valueName\":\"search_term_string\"}}],\"inLanguage\":\"fr-FR\"}]}<\/script>\n<!-- \/ Yoast SEO plugin. -->","yoast_head_json":{"title":"Book Now, Decide Later - Relais &amp; Chateaux Hotel Heritage in Brugge","robots":{"index":"index","follow":"follow","max-snippet":"max-snippet:-1","max-image-preview":"max-image-preview:large","max-video-preview":"max-video-preview:-1"},"canonical":"https:\/\/www.hotel-heritage.com\/special-offers\/book-now-decide-later\/","og_locale":"fr_FR","og_type":"article","og_title":"Book Now, Decide Later - Relais &amp; Chateaux Hotel Heritage in Brugge","og_description":"R\u00e9servez Maintenant,D\u00e9cidez Plus Tard Soyez tranquille gr\u00e2ce aux annulations gratuites! \u2018Annulez ou modifiez votre r\u00e9servation jusqu&rsquo;\u00e0 midi, la veille de votre arriv\u00e9e. Pas de stress!&rsquo; Niklaas Desparsstraat 11, 8000 Brugge +32 (0)50 444 444 Termes &#038; Conditions L&rsquo;annulation gratuite s&rsquo;applique au meilleur tarif flexible. Sous r\u00e9serve de disponibilit\u00e9 et valable sur les r\u00e9servations effectu\u00e9es apr\u00e8s [&hellip;]","og_url":"https:\/\/www.hotel-heritage.com\/special-offers\/book-now-decide-later\/","og_site_name":"Relais &amp; Chateaux Hotel Heritage in Brugge","article_modified_time":"2020-04-20T12:53:20+00:00","og_image":[{"url":"https:\/\/www.hotel-heritage.com\/wp-content\/uploads\/elementor\/thumbs\/HotelHeritage_101_HR-scaled-oivj3y2g2yaoj4yjxmm0j6p5lj0p8xo1lsohv6gm8g.jpg","type":"","width":"","height":""}],"twitter_card":"summary_large_image","twitter_misc":{"Dur\u00e9e de lecture estim\u00e9e":"1 minute"},"schema":{"@context":"https:\/\/schema.org","@graph":[{"@type":"WebPage","@id":"https:\/\/www.hotel-heritage.com\/special-offers\/book-now-decide-later\/","url":"https:\/\/www.hotel-heritage.com\/special-offers\/book-now-decide-later\/","name":"Book Now, Decide Later - Relais &amp; Chateaux Hotel Heritage in Brugge","isPartOf":{"@id":"https:\/\/www.hotel-heritage.com\/nl\/#website"},"primaryImageOfPage":{"@id":"https:\/\/www.hotel-heritage.com\/special-offers\/book-now-decide-later\/#primaryimage"},"image":{"@id":"https:\/\/www.hotel-heritage.com\/special-offers\/book-now-decide-later\/#primaryimage"},"thumbnailUrl":"https:\/\/www.hotel-heritage.com\/wp-content\/uploads\/elementor\/thumbs\/HotelHeritage_101_HR-scaled-oivj3y2g2yaoj4yjxmm0j6p5lj0p8xo1lsohv6gm8g.jpg","datePublished":"2020-03-12T21:30:14+00:00","dateModified":"2020-04-20T12:53:20+00:00","breadcrumb":{"@id":"https:\/\/www.hotel-heritage.com\/special-offers\/book-now-decide-later\/#breadcrumb"},"inLanguage":"fr-FR","potentialAction":[{"@type":"ReadAction","target":["https:\/\/www.hotel-heritage.com\/special-offers\/book-now-decide-later\/"]}]},{"@type":"ImageObject","inLanguage":"fr-FR","@id":"https:\/\/www.hotel-heritage.com\/special-offers\/book-now-decide-later\/#primaryimage","url":"https:\/\/www.hotel-heritage.com\/wp-content\/uploads\/elementor\/thumbs\/HotelHeritage_101_HR-scaled-oivj3y2g2yaoj4yjxmm0j6p5lj0p8xo1lsohv6gm8g.jpg","contentUrl":"https:\/\/www.hotel-heritage.com\/wp-content\/uploads\/elementor\/thumbs\/HotelHeritage_101_HR-scaled-oivj3y2g2yaoj4yjxmm0j6p5lj0p8xo1lsohv6gm8g.jpg"},{"@type":"BreadcrumbList","@id":"https:\/\/www.hotel-heritage.com\/special-offers\/book-now-decide-later\/#breadcrumb","itemListElement":[{"@type":"ListItem","position":1,"name":"Home","item":"https:\/\/www.hotel-heritage.com\/"},{"@type":"ListItem","position":2,"name":"Offres Sp\u00e9ciales","item":"https:\/\/www.hotel-heritage.com\/special-offers\/"},{"@type":"ListItem","position":3,"name":"Book Now, Decide Later"}]},{"@type":"WebSite","@id":"https:\/\/www.hotel-heritage.com\/nl\/#website","url":"https:\/\/www.hotel-heritage.com\/nl\/","name":"Relais &amp; Chateaux Hotel Heritage in Brugge","description":"Relais &amp; Chateaux Hotel Heritage in Brugge","potentialAction":[{"@type":"SearchAction","target":{"@type":"EntryPoint","urlTemplate":"https:\/\/www.hotel-heritage.com\/nl\/?s={search_term_string}"},"query-input":{"@type":"PropertyValueSpecification","valueRequired":true,"valueName":"search_term_string"}}],"inLanguage":"fr-FR"}]}},"_links":{"self":[{"href":"https:\/\/www.hotel-heritage.com\/fr\/wp-json\/wp\/v2\/pages\/1863","targetHints":{"allow":["GET"]}}],"collection":[{"href":"https:\/\/www.hotel-heritage.com\/fr\/wp-json\/wp\/v2\/pages"}],"about":[{"href":"https:\/\/www.hotel-heritage.com\/fr\/wp-json\/wp\/v2\/types\/page"}],"author":[{"embeddable":true,"href":"https:\/\/www.hotel-heritage.com\/fr\/wp-json\/wp\/v2\/users\/31"}],"replies":[{"embeddable":true,"href":"https:\/\/www.hotel-heritage.com\/fr\/wp-json\/wp\/v2\/comments?post=1863"}],"version-history":[{"count":0,"href":"https:\/\/www.hotel-heritage.com\/fr\/wp-json\/wp\/v2\/pages\/1863\/revisions"}],"up":[{"embeddable":true,"href":"https:\/\/www.hotel-heritage.com\/fr\/wp-json\/wp\/v2\/pages\/1549"}],"wp:attachment":[{"href":"https:\/\/www.hotel-heritage.com\/fr\/wp-json\/wp\/v2\/media?parent=1863"}],"curies":[{"name":"wp","href":"https:\/\/api.w.org\/{rel}","templated":true}]}}